{"id":1188,"date":"2018-04-27T08:57:32","date_gmt":"2018-04-27T08:57:32","guid":{"rendered":"https:\/\/www.eggafood.nl\/egga-food-2\/"},"modified":"2018-09-17T15:40:22","modified_gmt":"2018-09-17T15:40:22","slug":"egga-food-2","status":"publish","type":"page","link":"https:\/\/www.eggafood.nl\/de\/egga-food-2\/","title":{"rendered":"Egga Food"},"content":{"rendered":"[vc_row type=&#8221;full_width_background&#8221; full_screen_row_position=&#8221;middle&#8221; equal_height=&#8221;yes&#8221; content_placement=&#8221;middle&#8221; scene_position=&#8221;center&#8221; text_color=&#8221;dark&#8221; text_align=&#8221;left&#8221; top_padding=&#8221;5%&#8221; bottom_padding=&#8221;5%&#8221; overlay_strength=&#8221;0.3&#8243; shape_divider_position=&#8221;bottom&#8221; shape_type=&#8221;&#8221;][vc_column column_padding=&#8221;padding-2-percent&#8221; column_padding_position=&#8221;left-right&#8221; background_color_opacity=&#8221;1&#8243; background_hover_color_opacity=&#8221;1&#8243; column_shadow=&#8221;none&#8221; column_border_radius=&#8221;none&#8221; width=&#8221;1\/2&#8243; tablet_text_alignment=&#8221;default&#8221; phone_text_alignment=&#8221;default&#8221; column_border_width=&#8221;none&#8221; column_border_style=&#8221;solid&#8221;][image_with_animation image_url=&#8221;174&#8243; alignment=&#8221;right&#8221; animation=&#8221;Fade In From Left&#8221; border_radius=&#8221;none&#8221; box_shadow=&#8221;none&#8221; max_width=&#8221;175%&#8221;][\/vc_column][vc_column column_padding=&#8221;no-extra-padding&#8221; column_padding_position=&#8221;all&#8221; background_color_opacity=&#8221;1&#8243; background_hover_color_opacity=&#8221;1&#8243; column_shadow=&#8221;none&#8221; column_border_radius=&#8221;none&#8221; width=&#8221;1\/2&#8243; tablet_text_alignment=&#8221;default&#8221; phone_text_alignment=&#8221;default&#8221; column_border_width=&#8221;none&#8221; column_border_style=&#8221;solid&#8221;][vc_custom_heading text=&#8221;Vom Anfang bis heute&#8221; font_container=&#8221;tag:h5|font_size:16|text_align:left|color:%23000000|line_height:32px&#8221; use_theme_fonts=&#8221;yes&#8221;][vc_custom_heading text=&#8221;ZEITLEISTE VON EGGA FOOD&#8221; font_container=&#8221;tag:h2|text_align:left|color:%23149236&#8243; use_theme_fonts=&#8221;yes&#8221;][divider line_type=&#8221;Small Line&#8221; line_thickness=&#8221;8&#8243; divider_color=&#8221;default&#8221; animate=&#8221;yes&#8221; custom_height=&#8221;100&#8243; custom_line_width=&#8221;120&#8243;][vc_column_text css_animation=&#8221;bottom-to-top&#8221; css=&#8221;.vc_custom_1535454225263{padding-right: 10% !important;}&#8221;]Im Jahr 1977 gr\u00fcndeten Wiel und Gemmie van Gemert in Ospel den Gefl\u00fcgelbetrieb W. van Gemert. Die Packstelle wurde 1983 errichtet und in Betrieb genommen. In der Eierpackstelle wird mit einer ultramodernen Omnia-Eiersortiermaschine gearbeitet, die mit allen technischen Finessen, die man sich nur vorstellen kann, ausgestattet ist, um die sortierten Eier noch besser, sch\u00f6ner und sicherer zu behandeln, als es fr\u00fcher m\u00f6glich war.<br \/>\n1996 wurde in Zusammenarbeit mit den Br\u00fcdern Sieben Eierververij Ospel (EIVO) gegr\u00fcndet. EIVO ist die gr\u00f6\u00dfte professionelle Eierf\u00e4rberei der Niederlande. Auf einer L\u00e4nge von rund 100 Metern stehen vier Anlagen, die in rasantem Tempo Eier kochen, f\u00e4rben, trocknen und verpacken. Als n\u00e4chster Schritt nach dem Angebot von Sortieren, Kochen und F\u00e4rben wurde 2006 Boiled Eggs Ospel (BEO) gegr\u00fcndet. Anlagen kochen und sch\u00e4len hier Eier f\u00fcr den Gro\u00dfhandel, Caterer, Food-Service-Unternehmen, Salat- und Sandwicherzeuger.<br \/>\nDerzeit besch\u00e4ftigt Egga Food B.V. rund 100 Personen, die daf\u00fcr sorgen, dass wir zufriedene Kunden in \u00fcber 20 verschiedenen L\u00e4ndern haben. Aber dabei bleibt es nicht, t\u00e4glich sind wir mit der Verbesserung und Erneuerung unserer Produkte, Maschinen und Dienstleistungen besch\u00e4ftigt.[\/vc_column_text][\/vc_column][\/vc_row][vc_row type=&#8221;full_width_background&#8221; full_screen_row_position=&#8221;middle&#8221; equal_height=&#8221;yes&#8221; content_placement=&#8221;middle&#8221; scene_position=&#8221;center&#8221; text_color=&#8221;dark&#8221; text_align=&#8221;left&#8221; top_padding=&#8221;0&#8243; bottom_padding=&#8221;5%&#8221; overlay_strength=&#8221;0.3&#8243; shape_divider_position=&#8221;bottom&#8221; shape_type=&#8221;&#8221;][vc_column column_padding=&#8221;no-extra-padding&#8221; column_padding_position=&#8221;all&#8221; background_color_opacity=&#8221;1&#8243; background_hover_color_opacity=&#8221;1&#8243; column_shadow=&#8221;none&#8221; column_border_radius=&#8221;none&#8221; width=&#8221;1\/2&#8243; tablet_text_alignment=&#8221;default&#8221; phone_text_alignment=&#8221;default&#8221; column_border_width=&#8221;none&#8221; column_border_style=&#8221;solid&#8221;][vc_custom_heading text=&#8221;Frische Eier, gekochte gesch\u00e4lte Eier, gekochte gef\u00e4rbte Eier&#8221; font_container=&#8221;tag:h5|font_size:16|text_align:left|color:%23000000|line_height:32px&#8221; use_theme_fonts=&#8221;yes&#8221;][vc_custom_heading text=&#8221;EGGA FOOD B.V. IM \u00dcBERBLICK&#8221; font_container=&#8221;tag:h2|text_align:left|color:%23149236&#8243; use_theme_fonts=&#8221;yes&#8221;][divider line_type=&#8221;Small Line&#8221; line_thickness=&#8221;8&#8243; divider_color=&#8221;default&#8221; animate=&#8221;yes&#8221; custom_height=&#8221;100&#8243; custom_line_width=&#8221;120&#8243;][vc_column_text css_animation=&#8221;bottom-to-top&#8221; css=&#8221;.vc_custom_1531404574511{padding-right: 10% !important;}&#8221;]Egga Food in Ospel ist eines der gr\u00f6\u00dften eierverarbeitenden Unternehmen in Europa und eines der modernsten der Welt. Jedes Jahr werden von rund 100 Mitarbeitern mehrere hundert Millionen Eier gekocht, gef\u00e4rbt, gesch\u00e4lt und verpackt. Das sind mehrere Millionen Eier aus \u00f6kologischer Erzeugung, Boden- und Freilandhaltung pro Woche. Diese Eier stammen von zertifizierten Gefl\u00fcgelbetrieben aus ganz Europa und finden ihren Weg zur eierverarbeitenden Industrie, in den Gro\u00dfhandel, Lebensmitteleinzelhandel, zu Food-Service-Unternehmen und Caterer in Europa, Afrika und im Nahen Osten. Ein ultramoderner Maschinenpark sorgt daf\u00fcr, dass alle Handlungen maschinell erfolgen. Und das unter Einhaltung der allerstrengsten Hygienerichtlinien.[\/vc_column_text][\/vc_column][vc_column column_padding=&#8221;padding-2-percent&#8221; column_padding_position=&#8221;left-right&#8221; background_color_opacity=&#8221;1&#8243; background_hover_color_opacity=&#8221;1&#8243; column_shadow=&#8221;none&#8221; column_border_radius=&#8221;none&#8221; width=&#8221;1\/2&#8243; tablet_text_alignment=&#8221;default&#8221; phone_text_alignment=&#8221;default&#8221; column_border_width=&#8221;none&#8221; column_border_style=&#8221;solid&#8221;][image_with_animation image_url=&#8221;169&#8243; alignment=&#8221;&#8221; animation=&#8221;Fade In From Right&#8221; border_radius=&#8221;none&#8221; box_shadow=&#8221;none&#8221; max_width=&#8221;175%&#8221;][\/vc_column][\/vc_row]\n","protected":false},"excerpt":{"rendered":"<p>[vc_row type=&#8221;full_width_background&#8221; full_screen_row_position=&#8221;middle&#8221; equal_height=&#8221;yes&#8221; content_placement=&#8221;middle&#8221; scene_position=&#8221;center&#8221; text_color=&#8221;dark&#8221; text_align=&#8221;left&#8221; top_padding=&#8221;5%&#8221; bottom_padding=&#8221;5%&#8221; overlay_strength=&#8221;0.3&#8243; shape_divider_position=&#8221;bottom&#8221; shape_type=&#8221;&#8221;][vc_column column_padding=&#8221;padding-2-percent&#8221; column_padding_position=&#8221;left-right&#8221; background_color_opacity=&#8221;1&#8243; background_hover_color_opacity=&#8221;1&#8243; column_shadow=&#8221;none&#8221; column_border_radius=&#8221;none&#8221; width=&#8221;1\/2&#8243; tablet_text_alignment=&#8221;default&#8221; phone_text_alignment=&#8221;default&#8221; column_border_width=&#8221;none&#8221; column_border_style=&#8221;solid&#8221;][image_with_animation image_url=&#8221;174&#8243; alignment=&#8221;right&#8221; animation=&#8221;Fade In From Left&#8221;&#8230;<\/p>\n","protected":false},"author":1,"featured_media":0,"parent":0,"menu_order":0,"comment_status":"closed","ping_status":"closed","template":"","meta":{"_exactmetrics_skip_tracking":false,"_exactmetrics_sitenote_active":false,"_exactmetrics_sitenote_note":"","_exactmetrics_sitenote_category":0,"footnotes":""},"class_list":["post-1188","page","type-page","status-publish"],"_links":{"self":[{"href":"https:\/\/www.eggafood.nl\/de\/wp-json\/wp\/v2\/pages\/1188"}],"collection":[{"href":"https:\/\/www.eggafood.nl\/de\/wp-json\/wp\/v2\/pages"}],"about":[{"href":"https:\/\/www.eggafood.nl\/de\/wp-json\/wp\/v2\/types\/page"}],"author":[{"embeddable":true,"href":"https:\/\/www.eggafood.nl\/de\/wp-json\/wp\/v2\/users\/1"}],"replies":[{"embeddable":true,"href":"https:\/\/www.eggafood.nl\/de\/wp-json\/wp\/v2\/comments?post=1188"}],"version-history":[{"count":6,"href":"https:\/\/www.eggafood.nl\/de\/wp-json\/wp\/v2\/pages\/1188\/revisions"}],"predecessor-version":[{"id":1194,"href":"https:\/\/www.eggafood.nl\/de\/wp-json\/wp\/v2\/pages\/1188\/revisions\/1194"}],"wp:attachment":[{"href":"https:\/\/www.eggafood.nl\/de\/wp-json\/wp\/v2\/media?parent=1188"}],"curies":[{"name":"wp","href":"https:\/\/api.w.org\/{rel}","templated":true}]}}