{"id":1207,"date":"2018-04-27T12:06:04","date_gmt":"2018-04-27T12:06:04","guid":{"rendered":"https:\/\/www.eggafood.nl\/mission-vision\/"},"modified":"2018-09-17T15:44:23","modified_gmt":"2018-09-17T15:44:23","slug":"mission-vision","status":"publish","type":"page","link":"https:\/\/www.eggafood.nl\/de\/mission-vision\/","title":{"rendered":"Mission &#038; Vision"},"content":{"rendered":"[vc_row type=&#8221;full_width_background&#8221; full_screen_row_position=&#8221;middle&#8221; equal_height=&#8221;yes&#8221; content_placement=&#8221;top&#8221; scene_position=&#8221;center&#8221; text_color=&#8221;dark&#8221; text_align=&#8221;left&#8221; top_padding=&#8221;5%&#8221; bottom_padding=&#8221;5%&#8221; overlay_strength=&#8221;0.3&#8243; shape_divider_position=&#8221;bottom&#8221; shape_type=&#8221;&#8221;][vc_column column_padding=&#8221;no-extra-padding&#8221; column_padding_position=&#8221;left-right&#8221; background_color_opacity=&#8221;1&#8243; background_hover_color_opacity=&#8221;1&#8243; column_shadow=&#8221;none&#8221; column_border_radius=&#8221;none&#8221; width=&#8221;1\/2&#8243; tablet_text_alignment=&#8221;default&#8221; phone_text_alignment=&#8221;default&#8221; column_border_width=&#8221;none&#8221; column_border_style=&#8221;solid&#8221;][vc_custom_heading text=&#8221;Egga Food B.V.&#8221; font_container=&#8221;tag:h5|font_size:16|text_align:left|color:%23000000|line_height:32px&#8221; use_theme_fonts=&#8221;yes&#8221;][vc_custom_heading text=&#8221;Vision&#8221; font_container=&#8221;tag:h2|text_align:left|color:%23149236&#8243; use_theme_fonts=&#8221;yes&#8221;][divider line_type=&#8221;Small Line&#8221; line_thickness=&#8221;8&#8243; divider_color=&#8221;default&#8221; animate=&#8221;yes&#8221; custom_height=&#8221;100&#8243; custom_line_width=&#8221;120&#8243;][vc_column_text css_animation=&#8221;bottom-to-top&#8221; css=&#8221;.vc_custom_1524830743878{padding-right: 10% !important;}&#8221;]<span style=\"color: #999;\">Die Egga Food Groep unterh\u00e4lt langfristige Beziehungen zu Abnehmern, Gefl\u00fcgelhaltern, Lieferanten und Mitarbeitern. Dar\u00fcber hinaus sorgt das moderne, flexible, sachlich eingestellte Familienunternehmen mit seinen Fachleuten f\u00fcr eine optimale Verwertung der Eierstr\u00f6me unter anderem durch die Spezialisierung auf gekochte gesch\u00e4lte und gekochte gef\u00e4rbte Eier, aber auch das Verpacken frischer Eier, abgestimmt auf die W\u00fcnsche bestehender und neuer Partner und Kunden.<\/span>[\/vc_column_text][\/vc_column][vc_column column_padding=&#8221;no-extra-padding&#8221; column_padding_position=&#8221;all&#8221; background_color_opacity=&#8221;1&#8243; background_hover_color_opacity=&#8221;1&#8243; column_shadow=&#8221;none&#8221; column_border_radius=&#8221;none&#8221; width=&#8221;1\/2&#8243; tablet_text_alignment=&#8221;default&#8221; phone_text_alignment=&#8221;default&#8221; column_border_width=&#8221;none&#8221; column_border_style=&#8221;solid&#8221;][vc_custom_heading text=&#8221;Egga Food B.V.&#8221; font_container=&#8221;tag:h5|font_size:16|text_align:left|color:%23000000|line_height:32px&#8221; use_theme_fonts=&#8221;yes&#8221;][vc_custom_heading text=&#8221;Mission&#8221; font_container=&#8221;tag:h2|text_align:left|color:%23149236&#8243; use_theme_fonts=&#8221;yes&#8221;][divider line_type=&#8221;Small Line&#8221; line_thickness=&#8221;8&#8243; divider_color=&#8221;default&#8221; animate=&#8221;yes&#8221; custom_height=&#8221;100&#8243; custom_line_width=&#8221;120&#8243;][vc_column_text css_animation=&#8221;bottom-to-top&#8221; css=&#8221;.vc_custom_1524830733558{padding-right: 10% !important;}&#8221;]<span style=\"color: #999;\">Wir glauben an die St\u00e4rke unserer motivierten und engagierten Fachleute und verfolgen das Ziel, ein anerkannter Marktteilnehmer vor allem im Bereich gekochter gesch\u00e4lter und gekochter gef\u00e4rbter Eier, aber auch im Bereich der Verpackung frischer Eier in den Niederlanden und den Nachbarl\u00e4ndern zu sein. Wir erkennen f\u00fcr gekochte Eier als bezahlbares eiwei\u00dfreiches Produkt auch in Zukunft eine dauerhaft wichtige und zudem sich verbessernde Stellung als eine der effizientesten Eiwei\u00dfquellen in der Viehhaltung.<\/span>[\/vc_column_text][\/vc_column][\/vc_row]\n","protected":false},"excerpt":{"rendered":"<p>[vc_row type=&#8221;full_width_background&#8221; full_screen_row_position=&#8221;middle&#8221; equal_height=&#8221;yes&#8221; content_placement=&#8221;top&#8221; scene_position=&#8221;center&#8221; text_color=&#8221;dark&#8221; text_align=&#8221;left&#8221; top_padding=&#8221;5%&#8221; bottom_padding=&#8221;5%&#8221; overlay_strength=&#8221;0.3&#8243; shape_divider_position=&#8221;bottom&#8221; shape_type=&#8221;&#8221;][vc_column column_padding=&#8221;no-extra-padding&#8221; column_padding_position=&#8221;left-right&#8221; background_color_opacity=&#8221;1&#8243; background_hover_color_opacity=&#8221;1&#8243; column_shadow=&#8221;none&#8221; column_border_radius=&#8221;none&#8221; width=&#8221;1\/2&#8243; tablet_text_alignment=&#8221;default&#8221; phone_text_alignment=&#8221;default&#8221; column_border_width=&#8221;none&#8221; column_border_style=&#8221;solid&#8221;][vc_custom_heading text=&#8221;Egga Food B.V.&#8221; font_container=&#8221;tag:h5|font_size:16|text_align:left|color:%23000000|line_height:32px&#8221; use_theme_fonts=&#8221;yes&#8221;][vc_custom_heading text=&#8221;Vision&#8221;&#8230;<\/p>\n","protected":false},"author":1,"featured_media":0,"parent":0,"menu_order":0,"comment_status":"closed","ping_status":"closed","template":"","meta":{"_exactmetrics_skip_tracking":false,"_exactmetrics_sitenote_active":false,"_exactmetrics_sitenote_note":"","_exactmetrics_sitenote_category":0,"footnotes":""},"class_list":["post-1207","page","type-page","status-publish"],"_links":{"self":[{"href":"https:\/\/www.eggafood.nl\/de\/wp-json\/wp\/v2\/pages\/1207"}],"collection":[{"href":"https:\/\/www.eggafood.nl\/de\/wp-json\/wp\/v2\/pages"}],"about":[{"href":"https:\/\/www.eggafood.nl\/de\/wp-json\/wp\/v2\/types\/page"}],"author":[{"embeddable":true,"href":"https:\/\/www.eggafood.nl\/de\/wp-json\/wp\/v2\/users\/1"}],"replies":[{"embeddable":true,"href":"https:\/\/www.eggafood.nl\/de\/wp-json\/wp\/v2\/comments?post=1207"}],"version-history":[{"count":5,"href":"https:\/\/www.eggafood.nl\/de\/wp-json\/wp\/v2\/pages\/1207\/revisions"}],"predecessor-version":[{"id":1212,"href":"https:\/\/www.eggafood.nl\/de\/wp-json\/wp\/v2\/pages\/1207\/revisions\/1212"}],"wp:attachment":[{"href":"https:\/\/www.eggafood.nl\/de\/wp-json\/wp\/v2\/media?parent=1207"}],"curies":[{"name":"wp","href":"https:\/\/api.w.org\/{rel}","templated":true}]}}