{"id":1110,"date":"2018-04-19T12:38:31","date_gmt":"2018-04-19T12:38:31","guid":{"rendered":"https:\/\/www.eggafood.nl\/centre-de-conditionnement\/"},"modified":"2018-09-18T10:29:17","modified_gmt":"2018-09-18T10:29:17","slug":"centre-de-conditionnement","status":"publish","type":"page","link":"https:\/\/www.eggafood.nl\/fr\/centre-de-conditionnement\/","title":{"rendered":"Centre de conditionnement"},"content":{"rendered":"[vc_row type=&#8221;in_container&#8221; full_screen_row_position=&#8221;middle&#8221; scene_position=&#8221;center&#8221; text_color=&#8221;dark&#8221; text_align=&#8221;left&#8221; zindex=&#8221;999&#8243; id=&#8221;picture-slider&#8221; overlay_strength=&#8221;0.3&#8243; shape_divider_color=&#8221;#ffffff&#8221; shape_divider_position=&#8221;top&#8221; shape_divider_height=&#8221;100&#8243; shape_divider_bring_to_front=&#8221;true&#8221; shape_type=&#8221;curve&#8221;][vc_column column_padding=&#8221;no-extra-padding&#8221; column_padding_position=&#8221;all&#8221; background_color_opacity=&#8221;1&#8243; background_hover_color_opacity=&#8221;1&#8243; column_shadow=&#8221;none&#8221; column_border_radius=&#8221;none&#8221; width=&#8221;1\/1&#8243; tablet_text_alignment=&#8221;default&#8221; phone_text_alignment=&#8221;default&#8221; column_border_width=&#8221;none&#8221; column_border_style=&#8221;solid&#8221;]<style type=\"text\/css\">@media only screen and (min-width: 1300px) { #nectar-slider-instance-1, #nectar-slider-instance-1 .swiper-container { height: 550px; }  } @media only screen and (max-width: 1299px) { #nectar-slider-instance-1, #nectar-slider-instance-1 .swiper-container { height: 458.33333333333px; }  } @media only screen and (max-width: 1000px) { #nectar-slider-instance-1, #nectar-slider-instance-1 .swiper-container { height: 392.85714285714px; }  } @media only screen and (max-width: 690px) { #nectar-slider-instance-1, #nectar-slider-instance-1 .swiper-container { height: 203.7037037037px; }  } <\/style><div data-midnight=\"nectar-slider\" class=\"parallax_slider_outer \"><div  data-transition=\"swipe\" data-overall_style=\"directional\" data-flexible-height=\"\" data-animate-in-effect=\"none\" data-fullscreen=\"false\" data-button-sizing=\"regular\" data-button-styling=\"btn_with_count\" data-autorotate=\"5000\" data-parallax=\"true\" data-parallax-disable-mobile=\"\" data-caption-trans=\"fade_in_from_bottom\" data-parallax-style=\"bg_only\" data-bg-animation=\"none\" data-full-width=\"true\" class=\"nectar-slider-wrap \" id=\"nectar-slider-instance-1\"><div class=\"swiper-container\"  data-tho=\"30\" data-tco=\"15\" data-pho=\"20\" data-pco=\"15\" data-loop=\"false\" data-height=\"550\" data-min-height=\"\" data-arrows=\"false\" data-bullets=\"false\" data-bullet_style=\"see_through\" data-bullet_position=\"bottom\" data-desktop-swipe=\"false\" data-settings=\"\"> <div class=\"swiper-wrapper\"><div class=\"swiper-slide\" data-desktop-content-width=\"\" data-tablet-content-width=\"\" data-bg-alignment=\"bottom\" data-color-scheme=\"light\" data-x-pos=\"center\" data-y-pos=\"middle\" ><div class=\"slide-bg-wrap\"><div class=\"image-bg\" style=\"background-image: url(https:\/\/www.eggafood.nl\/wp-content\/uploads\/2018\/04\/eggafood-verse-eieren.jpg);\"> &nbsp; <\/div><\/div><div class=\"container\">\n\t\t\t\t\t\t<div class=\"content\"><h2 class=\"ns-heading-el\">SP\u00c9CIALISTE DES \u0152UFS<\/h2><p  ><span>Des \u0153ufs frais<\/span><\/p><\/div>\n\t\t\t\t\t\t\t\t<\/div><!--\/container--><div class=\"video-texture \"> <span class=\"ie-fix\"><\/span> <\/div><\/div> <!--\/swiper-slide--><div class=\"swiper-slide\" data-desktop-content-width=\"\" data-tablet-content-width=\"\" data-bg-alignment=\"center\" data-color-scheme=\"light\" data-x-pos=\"center\" data-y-pos=\"middle\" ><div class=\"slide-bg-wrap\"><div class=\"image-bg\" style=\"background-image: url(https:\/\/www.eggafood.nl\/wp-content\/uploads\/2018\/04\/eierpakstation-eggafood4.jpg);\"> &nbsp; <\/div><\/div><div class=\"container\">\n\t\t\t\t\t\t<div class=\"content\"><h2 class=\"ns-heading-el\">10 MILLIONS D\u2019\u0152UFS PAR SEMAINE !<\/h2><p  ><span>Egga Food<\/span><\/p><\/div>\n\t\t\t\t\t\t\t\t<\/div><!--\/container--><div class=\"video-texture \"> <span class=\"ie-fix\"><\/span> <\/div><\/div> <!--\/swiper-slide--><div class=\"swiper-slide\" data-desktop-content-width=\"\" data-tablet-content-width=\"\" data-bg-alignment=\"center\" data-color-scheme=\"light\" data-x-pos=\"center\" data-y-pos=\"middle\" ><div class=\"slide-bg-wrap\"><div class=\"image-bg\" style=\"background-image: url(https:\/\/www.eggafood.nl\/wp-content\/uploads\/2018\/04\/Eierpakstation-eggafood3.jpg);\"> &nbsp; <\/div><\/div><div class=\"container\">\n\t\t\t\t\t\t<div class=\"content\"><h2 class=\"ns-heading-el\">CENTRE DE CONDITIONNEMENT<\/h2><p  ><span>Petite bo\u00eete<\/span><\/p><\/div>\n\t\t\t\t\t\t\t\t<\/div><!--\/container--><div class=\"video-texture \"> <span class=\"ie-fix\"><\/span> <\/div><\/div> <!--\/swiper-slide--><div class=\"swiper-slide\" data-desktop-content-width=\"\" data-tablet-content-width=\"\" data-bg-alignment=\"center\" data-color-scheme=\"light\" data-x-pos=\"center\" data-y-pos=\"middle\" ><div class=\"slide-bg-wrap\"><div class=\"image-bg\" style=\"background-image: url(https:\/\/www.eggafood.nl\/wp-content\/uploads\/2018\/04\/eierpakstation-eggafood1.jpg);\"> &nbsp; <\/div><\/div><div class=\"container\">\n\t\t\t\t\t\t<div class=\"content\"><h2 class=\"ns-heading-el\">Centre de conditionnement<\/h2><p  ><span>En vrac<\/span><\/p><\/div>\n\t\t\t\t\t\t\t\t<\/div><!--\/container--><div class=\"video-texture \"> <span class=\"ie-fix\"><\/span> <\/div><\/div> <!--\/swiper-slide--><div class=\"swiper-slide\" data-desktop-content-width=\"\" data-tablet-content-width=\"\" data-bg-alignment=\"center\" data-color-scheme=\"light\" data-x-pos=\"center\" data-y-pos=\"middle\" ><div class=\"slide-bg-wrap\"><div class=\"image-bg\" style=\"background-image: url(https:\/\/www.eggafood.nl\/wp-content\/uploads\/2018\/04\/eierpakstation-eggafood2.jpg);\"> &nbsp; <\/div><\/div><div class=\"container\">\n\t\t\t\t\t\t<div class=\"content\"><h2 class=\"ns-heading-el\">\u0152UFS DE BONNE QUALIT\u00c9<\/h2><p  ><span>Egga Food BV<\/span><\/p><\/div>\n\t\t\t\t\t\t\t\t<\/div><!--\/container--><div class=\"video-texture \"> <span class=\"ie-fix\"><\/span> <\/div><\/div> <!--\/swiper-slide--><\/div><a href=\"#\" aria-label=\"Previous\" class=\"slider-prev\"><i class=\"fa fa-angle-left\"><\/i> <\/a>\n\t\t\t\t\t\t<a href=\"#\" aria-label=\"Next\" class=\"slider-next\"><i class=\"fa fa-angle-right\"><\/i> <\/a><div class=\"nectar-slider-loading \"> <span class=\"loading-icon none\">   <\/span> <\/div> <\/div> \n\t\t\t\t\t\n\t\t\t\t\t<\/div><\/div>[\/vc_column][\/vc_row][vc_row type=&#8221;full_width_background&#8221; full_screen_row_position=&#8221;middle&#8221; bg_color=&#8221;#68a027&#8243; scene_position=&#8221;center&#8221; text_color=&#8221;dark&#8221; text_align=&#8221;left&#8221; top_padding=&#8221;2&#8243; bottom_padding=&#8221;2&#8243; overlay_strength=&#8221;0.3&#8243; shape_divider_color=&#8221;#68a027&#8243; shape_divider_position=&#8221;bottom&#8221; shape_divider_height=&#8221;100&#8243; shape_divider_bring_to_front=&#8221;true&#8221; shape_type=&#8221;curve_opacity&#8221;][vc_column column_padding=&#8221;no-extra-padding&#8221; column_padding_position=&#8221;all&#8221; background_color_opacity=&#8221;1&#8243; background_hover_color_opacity=&#8221;1&#8243; column_shadow=&#8221;none&#8221; column_border_radius=&#8221;none&#8221; width=&#8221;1\/1&#8243; tablet_text_alignment=&#8221;default&#8221; phone_text_alignment=&#8221;default&#8221; column_border_width=&#8221;none&#8221; column_border_style=&#8221;solid&#8221;][\/vc_column][\/vc_row][vc_row type=&#8221;full_width_background&#8221; full_screen_row_position=&#8221;middle&#8221; scene_position=&#8221;center&#8221; text_color=&#8221;dark&#8221; text_align=&#8221;left&#8221; top_padding=&#8221;80&#8243; bottom_padding=&#8221;120&#8243; zindex=&#8221;999&#8243; overlay_strength=&#8221;0.8&#8243; shape_divider_color=&#8221;#ffffff&#8221; shape_divider_position=&#8221;top&#8221; shape_divider_height=&#8221;100&#8243; shape_divider_bring_to_front=&#8221;true&#8221; shape_type=&#8221;curve&#8221;][vc_column column_padding=&#8221;no-extra-padding&#8221; column_padding_position=&#8221;all&#8221; background_color_opacity=&#8221;1&#8243; background_hover_color_opacity=&#8221;1&#8243; column_shadow=&#8221;none&#8221; column_border_radius=&#8221;none&#8221; el_class=&#8221;sidebar-negative&#8221; width=&#8221;1\/3&#8243; tablet_text_alignment=&#8221;default&#8221; phone_text_alignment=&#8221;default&#8221; column_border_width=&#8221;none&#8221; column_border_style=&#8221;solid&#8221;][nectar_video_lightbox link_style=&#8221;play_button_2&#8243; nectar_play_button_color=&#8221;Default-Accent-Color&#8221; image_url=&#8221;552&#8243; hover_effect=&#8221;defaut&#8221; box_shadow=&#8221;x_large_depth&#8221; border_radius=&#8221;10px&#8221; play_button_size=&#8221;larger&#8221; video_url=&#8221;https:\/\/vimeo.com\/272763785&#8243;][vc_column_text css=&#8221;.vc_custom_1524758287997{margin-top: -10px !important;}&#8221;]\n<h4 style=\"text-align: left;\">Regardez le processus de production de notre unit\u00e9 de conditionnement<\/h4>\n[\/vc_column_text][divider line_type=&#8221;No Line&#8221; custom_height=&#8221;20&#8243;][vc_row_inner column_margin=&#8221;default&#8221; text_align=&#8221;left&#8221;][vc_column_inner boxed=&#8221;true&#8221; column_padding=&#8221;padding-5-percent&#8221; column_padding_position=&#8221;all&#8221; background_color=&#8221;#016933&#8243; background_color_opacity=&#8221;1&#8243; background_hover_color_opacity=&#8221;1&#8243; font_color=&#8221;#ffffff&#8221; column_shadow=&#8221;none&#8221; column_border_radius=&#8221;none&#8221; width=&#8221;1\/1&#8243; column_border_width=&#8221;none&#8221; column_border_style=&#8221;solid&#8221;][vc_column_text]\n<h3>En savoir plus ?<\/h3>\n<p><a href=\"https:\/\/www.eggafood.nl\/fr\/contact\/\">Nous contacter \u2192<\/a><br \/>\n<a href=\"#producten\">\u2193 L\u2019assortiment de produits conditionn\u00e9s<\/a><br \/>\n<a class=\"d-none\" href=\"#cijfers\">\u2193 Eierpakstation in cijfers<\/a>[\/vc_column_text][\/vc_column_inner][\/vc_row_inner][\/vc_column][vc_column column_padding=&#8221;padding-5-percent&#8221; column_padding_position=&#8221;left&#8221; background_color_opacity=&#8221;1&#8243; background_hover_color_opacity=&#8221;1&#8243; column_shadow=&#8221;none&#8221; column_border_radius=&#8221;none&#8221; width=&#8221;2\/3&#8243; tablet_text_alignment=&#8221;default&#8221; phone_text_alignment=&#8221;default&#8221; column_border_width=&#8221;none&#8221; column_border_style=&#8221;solid&#8221;][vc_row_inner column_margin=&#8221;none&#8221; text_align=&#8221;left&#8221;][vc_column_inner column_padding=&#8221;no-extra-padding&#8221; column_padding_position=&#8221;all&#8221; background_color_opacity=&#8221;1&#8243; background_hover_color_opacity=&#8221;1&#8243; font_color=&#8221;#016933&#8243; column_shadow=&#8221;none&#8221; column_border_radius=&#8221;none&#8221; width=&#8221;1\/1&#8243; column_border_width=&#8221;none&#8221; column_border_style=&#8221;solid&#8221;][vc_column_text]\n<h1>CENTRE DE CONDITIONNEMENT<\/h1>\n[\/vc_column_text][\/vc_column_inner][\/vc_row_inner][vc_row_inner column_margin=&#8221;default&#8221; top_padding=&#8221;20&#8243; text_align=&#8221;left&#8221;][vc_column_inner column_padding=&#8221;no-extra-padding&#8221; column_padding_position=&#8221;all&#8221; background_color_opacity=&#8221;1&#8243; background_hover_color_opacity=&#8221;1&#8243; font_color=&#8221;#87c932&#8243; column_shadow=&#8221;none&#8221; column_border_radius=&#8221;none&#8221; width=&#8221;1\/1&#8243; column_border_width=&#8221;none&#8221; column_border_style=&#8221;solid&#8221;][vc_column_text css=&#8221;.vc_custom_1531408080130{padding-right: 5% !important;}&#8221;]<strong>Conforme \u00e0 la certification de qualit\u00e9 sup\u00e9rieure IFS Food, le centre de conditionnement des \u0153ufs Egga Food est capable de traiter et d&#8217;emballer 192 000 \u0153ufs par heure. Avec ces r\u00e9sultats, il est l\u2019un des centres de conditionnement les plus rentables d\u2019Europe occidentale.<\/strong>[\/vc_column_text][\/vc_column_inner][\/vc_row_inner][vc_column_text]Le centre de conditionnement ultramoderne d\u2019Egga Food est enti\u00e8rement automatis\u00e9. Cette automatisation est n\u00e9cessaire pour pouvoir garantir \u00e0 la fois la vitesse la plus \u00e9lev\u00e9e ainsi que la qualit\u00e9 la plus constante. Les \u0153ufs produits par des aviculteurs certifi\u00e9s provenant de toute l\u2019Europe sont transport\u00e9s \u00e0 Ospel et sont contr\u00f4l\u00e9s par un expert au moyen d\u2019une technique d\u2019imagerie. L\u2019inspecteur retire de la cha\u00eene les \u0153ufs qui pr\u00e9sentent des cassures ou des salet\u00e9s. Les \u0153ufs sont une nouvelle fois v\u00e9rifi\u00e9s au moyen d\u2019une technique acoustique pour d\u00e9celer d\u2019\u00e9ventuelles fissures et sont ensuite calibr\u00e9s selon leur poids et leur qualit\u00e9. Une machine de conditionnement place les \u0153ufs sur des plateaux ou dans des bo\u00eetes. Nous transformons les \u0153ufs de caille, les \u0153ufs de ferme, les \u0153ufs biologiques, ainsi que les \u0153ufs de poules \u00e9lev\u00e9es en plein air et en cage.[\/vc_column_text][\/vc_column][\/vc_row][vc_row type=&#8221;full_width_background&#8221; full_screen_row_position=&#8221;middle&#8221; scene_position=&#8221;center&#8221; text_color=&#8221;dark&#8221; text_align=&#8221;left&#8221; bottom_padding=&#8221;40&#8243; id=&#8221;producten&#8221; overlay_strength=&#8221;0.8&#8243; shape_divider_color=&#8221;#ffffff&#8221; shape_divider_position=&#8221;top&#8221; shape_divider_height=&#8221;100&#8243; shape_divider_bring_to_front=&#8221;true&#8221; shape_type=&#8221;curve&#8221;][vc_column column_padding=&#8221;no-extra-padding&#8221; column_padding_position=&#8221;all&#8221; background_color_opacity=&#8221;1&#8243; background_hover_color_opacity=&#8221;1&#8243; column_shadow=&#8221;none&#8221; column_border_radius=&#8221;none&#8221; width=&#8221;1\/1&#8243; tablet_text_alignment=&#8221;default&#8221; phone_text_alignment=&#8221;default&#8221; column_border_width=&#8221;none&#8221; column_border_style=&#8221;solid&#8221;][vc_row_inner column_margin=&#8221;default&#8221; bottom_padding=&#8221;20&#8243; text_align=&#8221;left&#8221;][vc_column_inner column_padding=&#8221;no-extra-padding&#8221; column_padding_position=&#8221;all&#8221; centered_text=&#8221;true&#8221; background_color_opacity=&#8221;1&#8243; background_hover_color_opacity=&#8221;1&#8243; column_shadow=&#8221;none&#8221; column_border_radius=&#8221;none&#8221; width=&#8221;1\/1&#8243; column_border_width=&#8221;none&#8221; column_border_style=&#8221;solid&#8221;][vc_column_text]\n<h2>NOTRE ASSORTIMENT DE PRODUITS CONDITIONNES<\/h2>\n[\/vc_column_text][\/vc_column_inner][\/vc_row_inner][vc_row_inner column_margin=&#8221;default&#8221; bottom_padding=&#8221;0&#8243; text_align=&#8221;left&#8221; css=&#8221;.vc_custom_1504236091614{margin-bottom: 0px !important;}&#8221;][vc_column_inner column_padding=&#8221;no-extra-padding&#8221; column_padding_position=&#8221;all&#8221; background_color_opacity=&#8221;1&#8243; background_hover_color_opacity=&#8221;1&#8243; column_shadow=&#8221;none&#8221; column_border_radius=&#8221;none&#8221; width=&#8221;1\/1&#8243; column_border_width=&#8221;none&#8221; column_border_style=&#8221;solid&#8221;]\t\t\t\t\n\t\t\t\t\n\t\t\t\t\n\t\t\t\t<div class=\"portfolio-wrap \">\n\t\t\t\t\t\n\t\t\t\t\t\t\t\t\t\t\n\t\t\t\t\t<span class=\"portfolio-loading  none\">   <\/span>\n\t\t\t\t\t\n\t\t\t\t\t\t\t\t\t\t\n\t\t\t\t\t<div class=\"row portfolio-items masonry-items  \" data-rcp=\"false\" data-masonry-type=\"default\" data-ps=\"9\" data-starting-filter=\"\" data-gutter=\"default\" data-categories-to-show=\"verse-eieren\" data-bypass-cropping=\"\" data-lightbox-only=\"0\" data-col-num=\"cols-3\">\n\t\t\t\t\t\t\t\t\t\t\t\t\n\t\t\t\t\t\t\t\t\t\t\t\t\n\t\t\t\t\t\t<div class=\"col span_4 regular element des-oeufs-frais \"  data-project-cat=\"des-oeufs-frais \" data-default-color=\"true\" data-title-color=\"\" data-subtitle-color=\"\">\n\t\t\t\t\t\t\t\n\t\t\t\t\t\t\t<div class=\"inner-wrap animated\" data-animation=\"none\">\n\t\t\t\t\t\t\t\t\n\t\t\t\t\t\t\t\t\t\t\t\t\t\t\t\t\t\n\t\t\t\t\t\t\t\t\t<div class=\"work-item style-1\" data-custom-content=\"off\">\n\t\t\t\t\t\t\t\t\t\t\n\t\t\t\t\t\t\t\t\t\t<img loading=\"lazy\" decoding=\"async\" class=\"size-regular skip-lazy\" src=\"https:\/\/www.eggafood.nl\/wp-content\/uploads\/2018\/04\/verse-eieren-kleinverpakking-6stuks-wit-500x500.png\" alt=\"verse eieren, scharrel eieren, vrije uitloop eieren, kooi eieren, bio eieren, bio ei, kooi ei, vrije uitloop ei, scharrel ei, vers ei, fresh egg, organic, eggs\" height=\"500\" width=\"500\" srcset=\"https:\/\/www.eggafood.nl\/wp-content\/uploads\/2018\/04\/verse-eieren-kleinverpakking-6stuks-wit-600x403.png 600w, https:\/\/www.eggafood.nl\/wp-content\/uploads\/2018\/04\/verse-eieren-kleinverpakking-6stuks-wit-400x269.png 400w\" sizes=\"(min-width: 1000px) 33.3vw, (min-width: 690px) 50vw, 100vw\" \/>\t\t\t\t\t\t\t\t\t\t\n\t\t\t\t\t\t\t\t\t\t\n\t\t\t\t\t\t\t\t\t\t<div class=\"work-info\"> \n\t\t\t\t\t\t\t\t\t\t\t\n\t\t\t\t\t\t\t\t\t\t\t\n\t\t\t\t\t\t\t\t\t\t\t\t\t\t\t\t\t\t\t\t\t\t\t\n\t\t\t\t\t\t\t\t\t\t\t\t<a href=\"https:\/\/www.eggafood.nl\/fr\/productassortiment\/oeufs-frais-calibres-par-petite-boite\/\"><\/a>\n\t\t\t\t\t\t\t\t\t\t\t\t\n\t\t\t\t\t\t\t\t\t\t\t\t\t\t\t\t\t\t\t\t\t\t\n\t\t\t\t\t\t\t\t\t\t\t\n\t\t\t\t\t\t\t\t\t\t<\/div>\n\t\t\t\t\t\t\t\t\t\t\n\t\t\t\t\t\t\t\t\t<\/div><!--work-item-->\n\t\t\t\t\t\t\t\t\t\n\t\t\t\t\t\t\t\t\t<div class=\"work-meta\">\n\t\t\t\t\t\t\t\t\t\t<h4 class=\"title\">\u0152ufs frais calibr\u00e9s par petite bo\u00eete<\/h4>\n\t\t\t\t\t\t\t\t\t\t\n\t\t\t\t\t\t\t\t\t\t\t\t\t\t\t\t\t\t\t\t\n\t\t\t\t\t\t\t\t\t<\/div>\n\t\t\t\t\t\t\t\t\t\n\t\t\t\t\t\t\t\t\t\n\t\t\t\t\t\t\t\t\t\t\t\t\t\t\t\t\n\t\t\t\t\t\t\t\t\n\t\t\t\t\t\t\t<\/div><!--\/inner-wrap-->\n\t\t\t\t\t\t<\/div><!--\/col-->\n\t\t\t\t\t\t\n\t\t\t\t\t\t\t\t\t\t\t\n\t\t\t\t\t\t\t\t\t\t\t\t\n\t\t\t\t\t\t<div class=\"col span_4 regular element des-oeufs-frais \"  data-project-cat=\"des-oeufs-frais \" data-default-color=\"true\" data-title-color=\"\" data-subtitle-color=\"\">\n\t\t\t\t\t\t\t\n\t\t\t\t\t\t\t<div class=\"inner-wrap animated\" data-animation=\"none\">\n\t\t\t\t\t\t\t\t\n\t\t\t\t\t\t\t\t\t\t\t\t\t\t\t\t\t\n\t\t\t\t\t\t\t\t\t<div class=\"work-item style-1\" data-custom-content=\"off\">\n\t\t\t\t\t\t\t\t\t\t\n\t\t\t\t\t\t\t\t\t\t<img loading=\"lazy\" decoding=\"async\" class=\"size-regular skip-lazy\" src=\"https:\/\/www.eggafood.nl\/wp-content\/uploads\/2018\/05\/verse-eieren-bulkverpakking-500x500.png\" alt=\"verse eieren, verse scharrel eieren, verse kooi eieren, verse bio eieren, verse vrije uitloop eieren, vers ei, grote hoeveelheid verse eieren, bio ei, scharrel ei, vrije uitloop ei, ei in doos, ei klasse l, ei klasse m, fresh eggs, eggs, organic\" height=\"500\" width=\"500\" srcset=\"https:\/\/www.eggafood.nl\/wp-content\/uploads\/2018\/05\/verse-eieren-bulkverpakking-600x403.png 600w, https:\/\/www.eggafood.nl\/wp-content\/uploads\/2018\/05\/verse-eieren-bulkverpakking-400x269.png 400w\" sizes=\"(min-width: 1000px) 33.3vw, (min-width: 690px) 50vw, 100vw\" \/>\t\t\t\t\t\t\t\t\t\t\n\t\t\t\t\t\t\t\t\t\t\n\t\t\t\t\t\t\t\t\t\t<div class=\"work-info\"> \n\t\t\t\t\t\t\t\t\t\t\t\n\t\t\t\t\t\t\t\t\t\t\t\n\t\t\t\t\t\t\t\t\t\t\t\t\t\t\t\t\t\t\t\t\t\t\t\n\t\t\t\t\t\t\t\t\t\t\t\t<a href=\"https:\/\/www.eggafood.nl\/fr\/productassortiment\/oeufs-frais-non-calibres-en-vrac\/\"><\/a>\n\t\t\t\t\t\t\t\t\t\t\t\t\n\t\t\t\t\t\t\t\t\t\t\t\t\t\t\t\t\t\t\t\t\t\t\n\t\t\t\t\t\t\t\t\t\t\t\n\t\t\t\t\t\t\t\t\t\t<\/div>\n\t\t\t\t\t\t\t\t\t\t\n\t\t\t\t\t\t\t\t\t<\/div><!--work-item-->\n\t\t\t\t\t\t\t\t\t\n\t\t\t\t\t\t\t\t\t<div class=\"work-meta\">\n\t\t\t\t\t\t\t\t\t\t<h4 class=\"title\">\u0152ufs frais (non) calibr\u00e9s en vrac<\/h4>\n\t\t\t\t\t\t\t\t\t\t\n\t\t\t\t\t\t\t\t\t\t\t\t\t\t\t\t\t\t\t\t\n\t\t\t\t\t\t\t\t\t<\/div>\n\t\t\t\t\t\t\t\t\t\n\t\t\t\t\t\t\t\t\t\n\t\t\t\t\t\t\t\t\t\t\t\t\t\t\t\t\n\t\t\t\t\t\t\t\t\n\t\t\t\t\t\t\t<\/div><!--\/inner-wrap-->\n\t\t\t\t\t\t<\/div><!--\/col-->\n\t\t\t\t\t\t\n\t\t\t\t\t\t\t\t\t\t\n\t\t\t\t<\/div><!--\/portfolio-->\n\t\t\t<\/div><!--\/portfolio wrap-->\n\t\t\t\n\t\t\t[\/vc_column_inner][\/vc_row_inner][\/vc_column][\/vc_row][vc_row type=&#8221;full_width_background&#8221; full_screen_row_position=&#8221;middle&#8221; bg_image=&#8221;63&#8243; bg_position=&#8221;center center&#8221; bg_repeat=&#8221;no-repeat&#8221; parallax_bg=&#8221;true&#8221; parallax_bg_speed=&#8221;slow&#8221; bg_color=&#8221;#006a32&#8243; scene_position=&#8221;center&#8221; text_color=&#8221;custom&#8221; custom_text_color=&#8221;#ffffff&#8221; text_align=&#8221;left&#8221; top_padding=&#8221;5%&#8221; bottom_padding=&#8221;5%&#8221; id=&#8221;cijfers&#8221; disable_element=&#8221;yes&#8221; overlay_strength=&#8221;0.5&#8243; shape_divider_position=&#8221;bottom&#8221; shape_type=&#8221;&#8221;][vc_column column_padding=&#8221;no-extra-padding&#8221; column_padding_position=&#8221;all&#8221; background_color_opacity=&#8221;1&#8243; background_hover_color_opacity=&#8221;1&#8243; column_shadow=&#8221;none&#8221; column_border_radius=&#8221;none&#8221; width=&#8221;1\/12&#8243; tablet_text_alignment=&#8221;default&#8221; phone_text_alignment=&#8221;default&#8221; column_border_width=&#8221;none&#8221; column_border_style=&#8221;solid&#8221;][\/vc_column][vc_column centered_text=&#8221;true&#8221; column_padding=&#8221;no-extra-padding&#8221; column_padding_position=&#8221;all&#8221; background_color_opacity=&#8221;1&#8243; background_hover_color_opacity=&#8221;1&#8243; column_shadow=&#8221;none&#8221; column_border_radius=&#8221;none&#8221; width=&#8221;5\/6&#8243; tablet_text_alignment=&#8221;default&#8221; phone_text_alignment=&#8221;default&#8221; column_border_width=&#8221;none&#8221; column_border_style=&#8221;solid&#8221;][vc_column_text]\n<h2 style=\"text-align: center;\">Onze cijfers<\/h2>\n[\/vc_column_text][divider line_type=&#8221;No Line&#8221; custom_height=&#8221;40&#8243;][vc_row_inner column_margin=&#8221;default&#8221; text_align=&#8221;left&#8221;][vc_column_inner column_padding=&#8221;padding-2-percent&#8221; column_padding_position=&#8221;all&#8221; background_color_opacity=&#8221;1&#8243; background_hover_color_opacity=&#8221;1&#8243; column_shadow=&#8221;none&#8221; column_border_radius=&#8221;none&#8221; width=&#8221;1\/3&#8243; column_border_width=&#8221;none&#8221; column_border_style=&#8221;solid&#8221;][milestone heading_inherit=&#8221;h2&#8243; symbol_position=&#8221;after&#8221; subject_padding=&#8221;2%&#8221; color=&#8221;Accent-Color&#8221; effect=&#8221;count&#8221; symbol_alignment=&#8221;Default&#8221; milestone_alignment=&#8221;default&#8221; number=&#8221;0&#8243; subject=&#8221;ACTUELE CIJFERS VOLGEN LATER&#8221; number_font_size=&#8221;76&#8243; symbol=&#8221;?&#8221;][\/vc_column_inner][vc_column_inner column_padding=&#8221;padding-2-percent&#8221; column_padding_position=&#8221;all&#8221; background_color_opacity=&#8221;1&#8243; background_hover_color_opacity=&#8221;1&#8243; column_shadow=&#8221;none&#8221; column_border_radius=&#8221;none&#8221; width=&#8221;1\/3&#8243; column_border_width=&#8221;none&#8221; column_border_style=&#8221;solid&#8221;][milestone heading_inherit=&#8221;h2&#8243; symbol_position=&#8221;after&#8221; subject_padding=&#8221;2%&#8221; color=&#8221;Accent-Color&#8221; effect=&#8221;count&#8221; symbol_alignment=&#8221;Default&#8221; milestone_alignment=&#8221;default&#8221; number=&#8221;0&#8243; subject=&#8221;ACTUELE CIJFERS VOLGEN LATER&#8221; symbol=&#8221;?&#8221; number_font_size=&#8221;76&#8243;][\/vc_column_inner][vc_column_inner column_padding=&#8221;padding-2-percent&#8221; column_padding_position=&#8221;all&#8221; background_color_opacity=&#8221;1&#8243; background_hover_color_opacity=&#8221;1&#8243; column_shadow=&#8221;none&#8221; column_border_radius=&#8221;none&#8221; width=&#8221;1\/3&#8243; column_border_width=&#8221;none&#8221; column_border_style=&#8221;solid&#8221;][milestone heading_inherit=&#8221;h2&#8243; symbol_position=&#8221;after&#8221; subject_padding=&#8221;2%&#8221; color=&#8221;Accent-Color&#8221; effect=&#8221;count&#8221; symbol_alignment=&#8221;Default&#8221; milestone_alignment=&#8221;default&#8221; number=&#8221;0&#8243; subject=&#8221;ACTUELE CIJFERS VOLGEN LATER&#8221; number_font_size=&#8221;76&#8243; symbol=&#8221;?&#8221;][\/vc_column_inner][\/vc_row_inner][\/vc_column][vc_column column_padding=&#8221;no-extra-padding&#8221; column_padding_position=&#8221;all&#8221; background_color_opacity=&#8221;1&#8243; background_hover_color_opacity=&#8221;1&#8243; column_shadow=&#8221;none&#8221; column_border_radius=&#8221;none&#8221; width=&#8221;1\/12&#8243; tablet_text_alignment=&#8221;default&#8221; phone_text_alignment=&#8221;default&#8221; column_border_width=&#8221;none&#8221; column_border_style=&#8221;solid&#8221;][\/vc_column][\/vc_row]\n","protected":false},"excerpt":{"rendered":"<p>[vc_row type=&#8221;in_container&#8221; full_screen_row_position=&#8221;middle&#8221; scene_position=&#8221;center&#8221; text_color=&#8221;dark&#8221; text_align=&#8221;left&#8221; zindex=&#8221;999&#8243; id=&#8221;picture-slider&#8221; overlay_strength=&#8221;0.3&#8243; shape_divider_color=&#8221;#ffffff&#8221; shape_divider_position=&#8221;top&#8221; shape_divider_height=&#8221;100&#8243; shape_divider_bring_to_front=&#8221;true&#8221; shape_type=&#8221;curve&#8221;][vc_column column_padding=&#8221;no-extra-padding&#8221; column_padding_position=&#8221;all&#8221; background_color_opacity=&#8221;1&#8243; background_hover_color_opacity=&#8221;1&#8243; column_shadow=&#8221;none&#8221; column_border_radius=&#8221;none&#8221; width=&#8221;1\/1&#8243; tablet_text_alignment=&#8221;default&#8221; phone_text_alignment=&#8221;default&#8221; column_border_width=&#8221;none&#8221; column_border_style=&#8221;solid&#8221;][\/vc_column][\/vc_row][vc_row type=&#8221;full_width_background&#8221; full_screen_row_position=&#8221;middle&#8221; bg_color=&#8221;#68a027&#8243; scene_position=&#8221;center&#8221; text_color=&#8221;dark&#8221;&#8230;<\/p>\n","protected":false},"author":1,"featured_media":0,"parent":0,"menu_order":0,"comment_status":"closed","ping_status":"closed","template":"","meta":{"_exactmetrics_skip_tracking":false,"_exactmetrics_sitenote_active":false,"_exactmetrics_sitenote_note":"","_exactmetrics_sitenote_category":0,"footnotes":""},"class_list":["post-1110","page","type-page","status-publish"],"_links":{"self":[{"href":"https:\/\/www.eggafood.nl\/fr\/wp-json\/wp\/v2\/pages\/1110"}],"collection":[{"href":"https:\/\/www.eggafood.nl\/fr\/wp-json\/wp\/v2\/pages"}],"about":[{"href":"https:\/\/www.eggafood.nl\/fr\/wp-json\/wp\/v2\/types\/page"}],"author":[{"embeddable":true,"href":"https:\/\/www.eggafood.nl\/fr\/wp-json\/wp\/v2\/users\/1"}],"replies":[{"embeddable":true,"href":"https:\/\/www.eggafood.nl\/fr\/wp-json\/wp\/v2\/comments?post=1110"}],"version-history":[{"count":8,"href":"https:\/\/www.eggafood.nl\/fr\/wp-json\/wp\/v2\/pages\/1110\/revisions"}],"predecessor-version":[{"id":1300,"href":"https:\/\/www.eggafood.nl\/fr\/wp-json\/wp\/v2\/pages\/1110\/revisions\/1300"}],"wp:attachment":[{"href":"https:\/\/www.eggafood.nl\/fr\/wp-json\/wp\/v2\/media?parent=1110"}],"curies":[{"name":"wp","href":"https:\/\/api.w.org\/{rel}","templated":true}]}}