{"id":1181,"date":"2018-04-27T08:57:32","date_gmt":"2018-04-27T08:57:32","guid":{"rendered":"https:\/\/www.eggafood.nl\/egga-food-2\/"},"modified":"2018-09-17T15:39:38","modified_gmt":"2018-09-17T15:39:38","slug":"egga-food-2","status":"publish","type":"page","link":"https:\/\/www.eggafood.nl\/fr\/egga-food-2\/","title":{"rendered":"Egga Food"},"content":{"rendered":"[vc_row type=&#8221;full_width_background&#8221; full_screen_row_position=&#8221;middle&#8221; equal_height=&#8221;yes&#8221; content_placement=&#8221;middle&#8221; scene_position=&#8221;center&#8221; text_color=&#8221;dark&#8221; text_align=&#8221;left&#8221; top_padding=&#8221;5%&#8221; bottom_padding=&#8221;5%&#8221; overlay_strength=&#8221;0.3&#8243; shape_divider_position=&#8221;bottom&#8221; shape_type=&#8221;&#8221;][vc_column column_padding=&#8221;padding-2-percent&#8221; column_padding_position=&#8221;left-right&#8221; background_color_opacity=&#8221;1&#8243; background_hover_color_opacity=&#8221;1&#8243; column_shadow=&#8221;none&#8221; column_border_radius=&#8221;none&#8221; width=&#8221;1\/2&#8243; tablet_text_alignment=&#8221;default&#8221; phone_text_alignment=&#8221;default&#8221; column_border_width=&#8221;none&#8221; column_border_style=&#8221;solid&#8221;][image_with_animation image_url=&#8221;174&#8243; alignment=&#8221;right&#8221; animation=&#8221;Fade In From Left&#8221; border_radius=&#8221;none&#8221; box_shadow=&#8221;none&#8221; max_width=&#8221;175%&#8221;][\/vc_column][vc_column column_padding=&#8221;no-extra-padding&#8221; column_padding_position=&#8221;all&#8221; background_color_opacity=&#8221;1&#8243; background_hover_color_opacity=&#8221;1&#8243; column_shadow=&#8221;none&#8221; column_border_radius=&#8221;none&#8221; width=&#8221;1\/2&#8243; tablet_text_alignment=&#8221;default&#8221; phone_text_alignment=&#8221;default&#8221; column_border_width=&#8221;none&#8221; column_border_style=&#8221;solid&#8221;][vc_custom_heading text=&#8221;Des origines \u00e0 aujourd&#8217;hui&#8221; font_container=&#8221;tag:h5|font_size:16|text_align:left|color:%23000000|line_height:32px&#8221; use_theme_fonts=&#8221;yes&#8221;][vc_custom_heading text=&#8221;L\u2019HISTOIRE D\u2019EGGA FOOD&#8221; font_container=&#8221;tag:h2|text_align:left|color:%23149236&#8243; use_theme_fonts=&#8221;yes&#8221;][divider line_type=&#8221;Small Line&#8221; line_thickness=&#8221;8&#8243; divider_color=&#8221;default&#8221; animate=&#8221;yes&#8221; custom_height=&#8221;100&#8243; custom_line_width=&#8221;120&#8243;][vc_column_text css_animation=&#8221;bottom-to-top&#8221; css=&#8221;.vc_custom_1535454225263{padding-right: 10% !important;}&#8221;]Tout commence en 1977, lorsque Wiel et Gemmie van Gemert cr\u00e9ent l\u2019entreprise d\u2019\u00e9levage W. van Gemert \u00e0 Ospel. En 1983, ils font construire le centre de conditionnement. Le centre de conditionnement des \u0153ufs est \u00e9quip\u00e9 d\u2019une calibreuse Omnia ultramoderne qui dispose de toutes les fonctionnalit\u00e9s techniques imaginables pour obtenir des \u0153ufs calibr\u00e9s encore meilleurs, plus beaux et plus propres qu\u2019avant.<br \/>\nEn 1996, le centre de peinture \u00e0 Ospel (EIVO) est fond\u00e9 en collaboration avec les fr\u00e8res Sieben. La soci\u00e9t\u00e9 EIVO dispose du centre de peinture professionnel le plus important des Pays-Bas. Sur une longueur de plus de cent m\u00e8tres, quatre machines permettent de cuire, peindre, s\u00e9cher et emballer les \u0153ufs \u00e0 un rythme rapide. Apr\u00e8s le calibrage, la cuisson et la peinture, Boiled Eggs Ospel (BEO) est fond\u00e9 en 2006. Des machines y cuisent et \u00e9calent les \u0153ufs pour les grossistes, les traiteurs, les entreprises de restauration et les producteurs de salades et de sandwichs.<br \/>\nAujourd\u2019hui, Egga Food B.V. emploie environ 100 personnes qui veillent \u00e0 satisfaire nos clients dans plus de 20 pays diff\u00e9rents. Mais notre activit\u00e9 ne s\u2019arr\u00eate pas l\u00e0 : chaque jour, nous travaillons \u00e0 l\u2019am\u00e9lioration et au renouvellement de nos produits, machines et services.[\/vc_column_text][\/vc_column][\/vc_row][vc_row type=&#8221;full_width_background&#8221; full_screen_row_position=&#8221;middle&#8221; equal_height=&#8221;yes&#8221; content_placement=&#8221;middle&#8221; scene_position=&#8221;center&#8221; text_color=&#8221;dark&#8221; text_align=&#8221;left&#8221; top_padding=&#8221;0&#8243; bottom_padding=&#8221;5%&#8221; overlay_strength=&#8221;0.3&#8243; shape_divider_position=&#8221;bottom&#8221; shape_type=&#8221;&#8221;][vc_column column_padding=&#8221;no-extra-padding&#8221; column_padding_position=&#8221;all&#8221; background_color_opacity=&#8221;1&#8243; background_hover_color_opacity=&#8221;1&#8243; column_shadow=&#8221;none&#8221; column_border_radius=&#8221;none&#8221; width=&#8221;1\/2&#8243; tablet_text_alignment=&#8221;default&#8221; phone_text_alignment=&#8221;default&#8221; column_border_width=&#8221;none&#8221; column_border_style=&#8221;solid&#8221;][vc_custom_heading text=&#8221;\u0152ufs frais, \u0153ufs durs \u00e9cal\u00e9s, \u0153ufs durs peints&#8221; font_container=&#8221;tag:h5|font_size:16|text_align:left|color:%23000000|line_height:32px&#8221; use_theme_fonts=&#8221;yes&#8221;][vc_custom_heading text=&#8221;\u00c0 PROPOS D\u2019EGGA FOOD B.V.&#8221; font_container=&#8221;tag:h2|text_align:left|color:%23149236&#8243; use_theme_fonts=&#8221;yes&#8221;][divider line_type=&#8221;Small Line&#8221; line_thickness=&#8221;8&#8243; divider_color=&#8221;default&#8221; animate=&#8221;yes&#8221; custom_height=&#8221;100&#8243; custom_line_width=&#8221;120&#8243;][vc_column_text css_animation=&#8221;bottom-to-top&#8221; css=&#8221;.vc_custom_1531404574511{padding-right: 10% !important;}&#8221;]Situ\u00e9e \u00e0 Ospel, Egga Food est l\u2019une des plus grandes entreprises de transformation des \u0153ufs en Europe et sa cha\u00eene de production est l\u2019une des plus modernes au monde. Chaque ann\u00e9e, nos quelque 100 employ\u00e9s cuisent, peignent, \u00e9calent et emballent plusieurs centaines de millions d\u2019\u0153ufs. Cela signifie que, par semaine, nous transformons plusieurs millions d\u2019\u0153ufs biologiques, de ferme et de poules \u00e9lev\u00e9es en plein air. Ces \u0153ufs nous sont fournis par des \u00e9leveurs certifi\u00e9s provenant de toute l\u2019Europe et sont destin\u00e9s \u00e0 l\u2019industrie des ovoproduits, aux grossistes, aux supermarch\u00e9s, aux entreprises de restauration et aux traiteurs en Europe, en Afrique et au Moyen-Orient. Notre parc de machines ultramoderne garantit que toutes les op\u00e9rations sont effectu\u00e9es m\u00e9caniquement et toujours en respectant les r\u00e8gles d\u2019hygi\u00e8ne les plus strictes.[\/vc_column_text][\/vc_column][vc_column column_padding=&#8221;padding-2-percent&#8221; column_padding_position=&#8221;left-right&#8221; background_color_opacity=&#8221;1&#8243; background_hover_color_opacity=&#8221;1&#8243; column_shadow=&#8221;none&#8221; column_border_radius=&#8221;none&#8221; width=&#8221;1\/2&#8243; tablet_text_alignment=&#8221;default&#8221; phone_text_alignment=&#8221;default&#8221; column_border_width=&#8221;none&#8221; column_border_style=&#8221;solid&#8221;][image_with_animation image_url=&#8221;169&#8243; alignment=&#8221;&#8221; animation=&#8221;Fade In From Right&#8221; border_radius=&#8221;none&#8221; box_shadow=&#8221;none&#8221; max_width=&#8221;175%&#8221;][\/vc_column][\/vc_row]\n","protected":false},"excerpt":{"rendered":"<p>[vc_row type=&#8221;full_width_background&#8221; full_screen_row_position=&#8221;middle&#8221; equal_height=&#8221;yes&#8221; content_placement=&#8221;middle&#8221; scene_position=&#8221;center&#8221; text_color=&#8221;dark&#8221; text_align=&#8221;left&#8221; top_padding=&#8221;5%&#8221; bottom_padding=&#8221;5%&#8221; overlay_strength=&#8221;0.3&#8243; shape_divider_position=&#8221;bottom&#8221; shape_type=&#8221;&#8221;][vc_column column_padding=&#8221;padding-2-percent&#8221; column_padding_position=&#8221;left-right&#8221; background_color_opacity=&#8221;1&#8243; background_hover_color_opacity=&#8221;1&#8243; column_shadow=&#8221;none&#8221; column_border_radius=&#8221;none&#8221; width=&#8221;1\/2&#8243; tablet_text_alignment=&#8221;default&#8221; phone_text_alignment=&#8221;default&#8221; column_border_width=&#8221;none&#8221; column_border_style=&#8221;solid&#8221;][image_with_animation image_url=&#8221;174&#8243; alignment=&#8221;right&#8221; animation=&#8221;Fade In From Left&#8221;&#8230;<\/p>\n","protected":false},"author":1,"featured_media":0,"parent":0,"menu_order":0,"comment_status":"closed","ping_status":"closed","template":"","meta":{"_exactmetrics_skip_tracking":false,"_exactmetrics_sitenote_active":false,"_exactmetrics_sitenote_note":"","_exactmetrics_sitenote_category":0,"footnotes":""},"class_list":["post-1181","page","type-page","status-publish"],"_links":{"self":[{"href":"https:\/\/www.eggafood.nl\/fr\/wp-json\/wp\/v2\/pages\/1181"}],"collection":[{"href":"https:\/\/www.eggafood.nl\/fr\/wp-json\/wp\/v2\/pages"}],"about":[{"href":"https:\/\/www.eggafood.nl\/fr\/wp-json\/wp\/v2\/types\/page"}],"author":[{"embeddable":true,"href":"https:\/\/www.eggafood.nl\/fr\/wp-json\/wp\/v2\/users\/1"}],"replies":[{"embeddable":true,"href":"https:\/\/www.eggafood.nl\/fr\/wp-json\/wp\/v2\/comments?post=1181"}],"version-history":[{"count":6,"href":"https:\/\/www.eggafood.nl\/fr\/wp-json\/wp\/v2\/pages\/1181\/revisions"}],"predecessor-version":[{"id":1187,"href":"https:\/\/www.eggafood.nl\/fr\/wp-json\/wp\/v2\/pages\/1181\/revisions\/1187"}],"wp:attachment":[{"href":"https:\/\/www.eggafood.nl\/fr\/wp-json\/wp\/v2\/media?parent=1181"}],"curies":[{"name":"wp","href":"https:\/\/api.w.org\/{rel}","templated":true}]}}