{"id":1201,"date":"2018-04-27T12:06:04","date_gmt":"2018-04-27T12:06:04","guid":{"rendered":"https:\/\/www.eggafood.nl\/mission-vision\/"},"modified":"2018-09-17T15:43:21","modified_gmt":"2018-09-17T15:43:21","slug":"mission-vision","status":"publish","type":"page","link":"https:\/\/www.eggafood.nl\/fr\/mission-vision\/","title":{"rendered":"Mission &#038; Vision"},"content":{"rendered":"[vc_row type=&#8221;full_width_background&#8221; full_screen_row_position=&#8221;middle&#8221; equal_height=&#8221;yes&#8221; content_placement=&#8221;top&#8221; scene_position=&#8221;center&#8221; text_color=&#8221;dark&#8221; text_align=&#8221;left&#8221; top_padding=&#8221;5%&#8221; bottom_padding=&#8221;5%&#8221; overlay_strength=&#8221;0.3&#8243; shape_divider_position=&#8221;bottom&#8221; shape_type=&#8221;&#8221;][vc_column column_padding=&#8221;no-extra-padding&#8221; column_padding_position=&#8221;left-right&#8221; background_color_opacity=&#8221;1&#8243; background_hover_color_opacity=&#8221;1&#8243; column_shadow=&#8221;none&#8221; column_border_radius=&#8221;none&#8221; width=&#8221;1\/2&#8243; tablet_text_alignment=&#8221;default&#8221; phone_text_alignment=&#8221;default&#8221; column_border_width=&#8221;none&#8221; column_border_style=&#8221;solid&#8221;][vc_custom_heading text=&#8221;Egga Food B.V.&#8221; font_container=&#8221;tag:h5|font_size:16|text_align:left|color:%23000000|line_height:32px&#8221; use_theme_fonts=&#8221;yes&#8221;][vc_custom_heading text=&#8221;Vision&#8221; font_container=&#8221;tag:h2|text_align:left|color:%23149236&#8243; use_theme_fonts=&#8221;yes&#8221;][divider line_type=&#8221;Small Line&#8221; line_thickness=&#8221;8&#8243; divider_color=&#8221;default&#8221; animate=&#8221;yes&#8221; custom_height=&#8221;100&#8243; custom_line_width=&#8221;120&#8243;][vc_column_text css_animation=&#8221;bottom-to-top&#8221; css=&#8221;.vc_custom_1524830743878{padding-right: 10% !important;}&#8221;]<span style=\"color: #999;\">Nous croyons en la force de nos professionnels passionn\u00e9s qui s\u2019investissent dans le but de devenir une soci\u00e9t\u00e9 reconnue aux Pays-Bas et dans les pays limitrophes, particuli\u00e8rement pour la production d\u2019\u0153ufs durs \u00e9cal\u00e9s et peints ainsi que pour le conditionnement des \u0153ufs frais. Dans les ann\u00e9es \u00e0 venir, nous pensons que la position occup\u00e9e par les \u0153ufs durs sur le march\u00e9 va continuer \u00e0 gagner en importance et \u00e0 se d\u00e9velopper, car ces produits repr\u00e9sentent une source riche de prot\u00e9ines abordable pour le producteur et pour le consommateur.<\/span>[\/vc_column_text][\/vc_column][vc_column column_padding=&#8221;no-extra-padding&#8221; column_padding_position=&#8221;all&#8221; background_color_opacity=&#8221;1&#8243; background_hover_color_opacity=&#8221;1&#8243; column_shadow=&#8221;none&#8221; column_border_radius=&#8221;none&#8221; width=&#8221;1\/2&#8243; tablet_text_alignment=&#8221;default&#8221; phone_text_alignment=&#8221;default&#8221; column_border_width=&#8221;none&#8221; column_border_style=&#8221;solid&#8221;][vc_custom_heading text=&#8221;Egga Food B.V.&#8221; font_container=&#8221;tag:h5|font_size:16|text_align:left|color:%23000000|line_height:32px&#8221; use_theme_fonts=&#8221;yes&#8221;][vc_custom_heading text=&#8221;Mission&#8221; font_container=&#8221;tag:h2|text_align:left|color:%23149236&#8243; use_theme_fonts=&#8221;yes&#8221;][divider line_type=&#8221;Small Line&#8221; line_thickness=&#8221;8&#8243; divider_color=&#8221;default&#8221; animate=&#8221;yes&#8221; custom_height=&#8221;100&#8243; custom_line_width=&#8221;120&#8243;][vc_column_text css_animation=&#8221;bottom-to-top&#8221; css=&#8221;.vc_custom_1524830733558{padding-right: 10% !important;}&#8221;]<span style=\"color: #999;\">Le groupe Egga Food entretient des relations \u00e0 long terme avec ses clients, les aviculteurs, ses fournisseurs et ses employ\u00e9s. De plus, le savoir-faire de notre entreprise familiale moderne, flexible et fiable garantit une valorisation optimale des \u0153ufs, en partie gr\u00e2ce \u00e0 sa sp\u00e9cialisation dans les \u0153ufs durs \u00e9cal\u00e9s et peints, ainsi que dans le conditionnement d&#8217;\u0153ufs frais adapt\u00e9s aux souhaits de nos partenaires et clients, nouveaux et existants.<\/span>[\/vc_column_text][\/vc_column][\/vc_row]\n","protected":false},"excerpt":{"rendered":"<p>[vc_row type=&#8221;full_width_background&#8221; full_screen_row_position=&#8221;middle&#8221; equal_height=&#8221;yes&#8221; content_placement=&#8221;top&#8221; scene_position=&#8221;center&#8221; text_color=&#8221;dark&#8221; text_align=&#8221;left&#8221; top_padding=&#8221;5%&#8221; bottom_padding=&#8221;5%&#8221; overlay_strength=&#8221;0.3&#8243; shape_divider_position=&#8221;bottom&#8221; shape_type=&#8221;&#8221;][vc_column column_padding=&#8221;no-extra-padding&#8221; column_padding_position=&#8221;left-right&#8221; background_color_opacity=&#8221;1&#8243; background_hover_color_opacity=&#8221;1&#8243; column_shadow=&#8221;none&#8221; column_border_radius=&#8221;none&#8221; width=&#8221;1\/2&#8243; tablet_text_alignment=&#8221;default&#8221; phone_text_alignment=&#8221;default&#8221; column_border_width=&#8221;none&#8221; column_border_style=&#8221;solid&#8221;][vc_custom_heading text=&#8221;Egga Food B.V.&#8221; font_container=&#8221;tag:h5|font_size:16|text_align:left|color:%23000000|line_height:32px&#8221; use_theme_fonts=&#8221;yes&#8221;][vc_custom_heading text=&#8221;Vision&#8221;&#8230;<\/p>\n","protected":false},"author":1,"featured_media":0,"parent":0,"menu_order":0,"comment_status":"closed","ping_status":"closed","template":"","meta":{"_exactmetrics_skip_tracking":false,"_exactmetrics_sitenote_active":false,"_exactmetrics_sitenote_note":"","_exactmetrics_sitenote_category":0,"footnotes":""},"class_list":["post-1201","page","type-page","status-publish"],"_links":{"self":[{"href":"https:\/\/www.eggafood.nl\/fr\/wp-json\/wp\/v2\/pages\/1201"}],"collection":[{"href":"https:\/\/www.eggafood.nl\/fr\/wp-json\/wp\/v2\/pages"}],"about":[{"href":"https:\/\/www.eggafood.nl\/fr\/wp-json\/wp\/v2\/types\/page"}],"author":[{"embeddable":true,"href":"https:\/\/www.eggafood.nl\/fr\/wp-json\/wp\/v2\/users\/1"}],"replies":[{"embeddable":true,"href":"https:\/\/www.eggafood.nl\/fr\/wp-json\/wp\/v2\/comments?post=1201"}],"version-history":[{"count":5,"href":"https:\/\/www.eggafood.nl\/fr\/wp-json\/wp\/v2\/pages\/1201\/revisions"}],"predecessor-version":[{"id":1206,"href":"https:\/\/www.eggafood.nl\/fr\/wp-json\/wp\/v2\/pages\/1201\/revisions\/1206"}],"wp:attachment":[{"href":"https:\/\/www.eggafood.nl\/fr\/wp-json\/wp\/v2\/media?parent=1201"}],"curies":[{"name":"wp","href":"https:\/\/api.w.org\/{rel}","templated":true}]}}