{"id":1285,"date":"2018-05-02T10:19:31","date_gmt":"2018-05-02T10:19:31","guid":{"rendered":"https:\/\/www.eggafood.nl\/conditions-generales\/"},"modified":"2024-04-05T11:38:39","modified_gmt":"2024-04-05T11:38:39","slug":"conditions-generales","status":"publish","type":"page","link":"https:\/\/www.eggafood.nl\/fr\/conditions-generales\/","title":{"rendered":"Conditions G\u00e9n\u00e9rales"},"content":{"rendered":"<p><!-- Global site tag (gtag.js) - Google Analytics --><br \/>\n<script async src=\"https:\/\/www.googletagmanager.com\/gtag\/js?id=UA-124515409-1\"><\/script><br \/>\n<script>\n  window.dataLayer = window.dataLayer || [];\n  function gtag(){dataLayer.push(arguments);}\n  gtag('js', new Date());<\/p>\n<p>  gtag('config', 'UA-124515409-1');\n<\/script><\/p>\n<h1>Conditions G\u00e9n\u00e9rales<\/h1>\n<ul>\n<li><a class=\"fancypdf\" href=\"https:\/\/www.eggafood.nl\/wp-content\/uploads\/2024\/04\/190627-General-terms-and-conditions-of-sale-and-delivery-EggaFood.pdf\" target=\"_blank\" rel=\"noopener\">Conditions G\u00e9n\u00e9rales<\/a><\/li>\n<\/ul>\n","protected":false},"excerpt":{"rendered":"<p>Conditions G\u00e9n\u00e9rales Conditions G\u00e9n\u00e9rales<\/p>\n","protected":false},"author":1,"featured_media":0,"parent":0,"menu_order":0,"comment_status":"closed","ping_status":"closed","template":"","meta":{"_exactmetrics_skip_tracking":false,"_exactmetrics_sitenote_active":false,"_exactmetrics_sitenote_note":"","_exactmetrics_sitenote_category":0,"footnotes":""},"class_list":["post-1285","page","type-page","status-publish"],"_links":{"self":[{"href":"https:\/\/www.eggafood.nl\/fr\/wp-json\/wp\/v2\/pages\/1285"}],"collection":[{"href":"https:\/\/www.eggafood.nl\/fr\/wp-json\/wp\/v2\/pages"}],"about":[{"href":"https:\/\/www.eggafood.nl\/fr\/wp-json\/wp\/v2\/types\/page"}],"author":[{"embeddable":true,"href":"https:\/\/www.eggafood.nl\/fr\/wp-json\/wp\/v2\/users\/1"}],"replies":[{"embeddable":true,"href":"https:\/\/www.eggafood.nl\/fr\/wp-json\/wp\/v2\/comments?post=1285"}],"version-history":[{"count":3,"href":"https:\/\/www.eggafood.nl\/fr\/wp-json\/wp\/v2\/pages\/1285\/revisions"}],"predecessor-version":[{"id":17525,"href":"https:\/\/www.eggafood.nl\/fr\/wp-json\/wp\/v2\/pages\/1285\/revisions\/17525"}],"wp:attachment":[{"href":"https:\/\/www.eggafood.nl\/fr\/wp-json\/wp\/v2\/media?parent=1285"}],"curies":[{"name":"wp","href":"https:\/\/api.w.org\/{rel}","templated":true}]}}